{"id":2023,"date":"2025-11-29T00:34:27","date_gmt":"2025-11-29T00:34:27","guid":{"rendered":"https:\/\/coisadepreto.com.br\/?post_type=product&#038;p=2023"},"modified":"2025-11-29T00:37:54","modified_gmt":"2025-11-29T00:37:54","slug":"teste","status":"publish","type":"product","link":"https:\/\/coisadepreto.com.br\/index.php\/product\/teste\/","title":{"rendered":"teste"},"content":{"rendered":"<div class=\"elementor-element elementor-element-526bccd3 e-flex e-con-boxed e-con e-parent e-lazyloaded\" data-particle_enable=\"false\" data-particle-mobile-disabled=\"false\" data-id=\"526bccd3\" data-element_type=\"container\">\n<div class=\"e-con-inner\">\n<div class=\"elementor-element elementor-element-14e694fb e-con-full e-flex e-con e-child\" data-particle_enable=\"false\" data-particle-mobile-disabled=\"false\" data-id=\"14e694fb\" data-element_type=\"container\">\n<div class=\"elementor-element elementor-element-3bc614b7 elementor-add-to-cart--layout-auto elementor-widget elementor-widget-woocommerce-product-add-to-cart\" data-id=\"3bc614b7\" data-element_type=\"widget\" data-widget_type=\"woocommerce-product-add-to-cart.default\">\n<div class=\"elementor-widget-container\">\n<div class=\"elementor-add-to-cart elementor-product-variable\">\n<form class=\"variations_form cart\" action=\"https:\/\/coisadepreto.com.br\/index.php\/product\/camiseta-coisa-de-preto-basica-copia\/\" enctype=\"multipart\/form-data\" method=\"post\" data-product_id=\"1467\" data-product_variations=\"false\">\n<div class=\"single_variation_wrap\">\n<div class=\"woocommerce-variation-add-to-cart variations_button woocommerce-variation-add-to-cart-enabled\">\n<div class=\"e-atc-qty-button-holder\">\n<div class=\"quantity\">miseta\u00a0 100% algod\u00e3o.<\/div>\n<\/div>\n<\/div>\n<\/div>\n<\/form>\n<\/div>\n<\/div>\n<\/div>\n<\/div>\n<\/div>\n<\/div>\n<div class=\"elementor-element elementor-element-f3047fc e-flex e-con-boxed e-con e-parent e-lazyloaded\" data-particle_enable=\"false\" data-particle-mobile-disabled=\"false\" data-id=\"f3047fc\" data-element_type=\"container\">\n<div class=\"e-con-inner\">\n<div class=\"elementor-element elementor-element-0e11c5d elementor-widget elementor-widget-woocommerce-product-content\" data-id=\"0e11c5d\" data-element_type=\"widget\" data-widget_type=\"woocommerce-product-content.default\">\n<div class=\"elementor-widget-container\">\n<p>&nbsp;<\/p>\n<p><b>MEDIDAS OFICIAIS (Valores em Cent\u00edmetros \u2013 cm)<\/b><\/p>\n<p>Para garantir o caimento perfeito, confira as dimens\u00f5es abaixo:<\/p>\n<ul>\n<li><b>Tamanho PP<\/b>\n<ul>\n<li><span class=\"citation-113 citation-end-113\">Ombro: 41 cm<\/span>\n<div class=\"source-inline-chip-container ng-star-inserted\"><\/div>\n<\/li>\n<li><span class=\"citation-112 citation-end-112\">T\u00f3rax: 96 cm<\/span>\n<div class=\"source-inline-chip-container ng-star-inserted\"><\/div>\n<\/li>\n<li><span class=\"citation-111 citation-end-111\">Total Camiseta: 66 cm<\/span>\n<div class=\"source-inline-chip-container ng-star-inserted\"><\/div>\n<\/li>\n<li><span class=\"citation-110 citation-end-110\">Total Manga: 19 cm<\/span>\n<div class=\"source-inline-chip-container ng-star-inserted\"><\/div>\n<\/li>\n<\/ul>\n<\/li>\n<li><b>Tamanho P<\/b>\n<ul>\n<li><span class=\"citation-109 citation-end-109\">Ombro: 42 cm<\/span>\n<div class=\"source-inline-chip-container ng-star-inserted\"><\/div>\n<\/li>\n<li><span class=\"citation-108 citation-end-108\">T\u00f3rax: 102 cm<\/span>\n<div class=\"source-inline-chip-container ng-star-inserted\"><\/div>\n<\/li>\n<li><span class=\"citation-107 citation-end-107\">Total Camiseta: 67 cm<\/span>\n<div class=\"source-inline-chip-container ng-star-inserted\"><\/div>\n<\/li>\n<li><span class=\"citation-106 citation-end-106\">Total Manga: 20 cm<\/span>\n<div class=\"source-inline-chip-container ng-star-inserted\"><\/div>\n<\/li>\n<\/ul>\n<\/li>\n<li><b>Tamanho M<\/b>\n<ul>\n<li><span class=\"citation-105 citation-end-105\">Ombro: 43 cm<\/span>\n<div class=\"source-inline-chip-container ng-star-inserted\"><\/div>\n<\/li>\n<li><span class=\"citation-104 citation-end-104\">T\u00f3rax: 106 cm<\/span>\n<div class=\"source-inline-chip-container ng-star-inserted\"><\/div>\n<\/li>\n<li><span class=\"citation-103 citation-end-103\">Total Camiseta: 69 cm<\/span>\n<div class=\"source-inline-chip-container ng-star-inserted\"><\/div>\n<\/li>\n<li><span class=\"citation-102 citation-end-102\">Total Manga: 20 cm<\/span>\n<div class=\"source-inline-chip-container ng-star-inserted\"><\/div>\n<\/li>\n<\/ul>\n<\/li>\n<li><b>Tamanho G<\/b>\n<ul>\n<li><span class=\"citation-101 citation-end-101\">Ombro: 45 cm<\/span>\n<div class=\"source-inline-chip-container ng-star-inserted\"><\/div>\n<\/li>\n<li><span class=\"citation-100 citation-end-100\">T\u00f3rax: 110 cm<\/span>\n<div class=\"source-inline-chip-container ng-star-inserted\"><\/div>\n<\/li>\n<li><span class=\"citation-99 citation-end-99\">Total Camiseta: 72 cm<\/span>\n<div class=\"source-inline-chip-container ng-star-inserted\"><\/div>\n<\/li>\n<li><span class=\"citation-98 citation-end-98\">Total Manga: 22 cm<\/span>\n<div class=\"source-inline-chip-container ng-star-inserted\"><\/div>\n<\/li>\n<\/ul>\n<\/li>\n<li><b>Tamanho GG<\/b>\n<ul>\n<li><span class=\"citation-97 citation-end-97\">Ombro: 49 cm<\/span>\n<div class=\"source-inline-chip-container ng-star-inserted\"><\/div>\n<\/li>\n<li><span class=\"citation-96 citation-end-96\">T\u00f3rax: 120 cm<\/span>\n<div class=\"source-inline-chip-container ng-star-inserted\"><\/div>\n<\/li>\n<li><span class=\"citation-95 citation-end-95\">Total Camiseta: 73 cm<\/span>\n<div class=\"source-inline-chip-container ng-star-inserted\"><\/div>\n<\/li>\n<li><span class=\"citation-94 citation-end-94\">Total Manga: 24 cm<\/span>\n<div class=\"source-inline-chip-container ng-star-inserted\"><\/div>\n<\/li>\n<\/ul>\n<\/li>\n<li><b>Tamanho EG<\/b>\n<ul>\n<li><span class=\"citation-93 citation-end-93\">Ombro: 53 cm<\/span><\/li>\n<li><span class=\"citation-92 citation-end-92\">T\u00f3rax: 128 cm<\/span>\n<div class=\"source-inline-chip-container ng-star-inserted\"><\/div>\n<\/li>\n<li><span class=\"citation-91 citation-end-91\">Total Camiseta: 76 cm<\/span>\n<div class=\"source-inline-chip-container ng-star-inserted\"><\/div>\n<\/li>\n<li><span class=\"citation-90 citation-end-90\">Total Manga: 24 cm<\/span><\/li>\n<\/ul>\n<\/li>\n<\/ul>\n<\/div>\n<\/div>\n<\/div>\n<\/div>\n","protected":false},"excerpt":{"rendered":"<p>miseta\u00a0 100% algod\u00e3o. &nbsp; MEDIDAS OFICIAIS (Valores em Cent\u00edmetros \u2013 cm) Para garantir o caimento perfeito, confira as dimens\u00f5es abaixo: Tamanho PP Ombro: 41 cm T\u00f3rax: 96 cm Total Camiseta: 66 cm Total Manga: 19 cm Tamanho P Ombro: 42 cm T\u00f3rax: 102 cm Total Camiseta: 67 cm Total Manga: 20 cm Tamanho M Ombro: [&hellip;]<\/p>\n","protected":false},"featured_media":1011,"comment_status":"open","ping_status":"closed","template":"","meta":[],"product_brand":[],"product_cat":[35],"product_tag":[72],"class_list":{"0":"post-2023","1":"product","2":"type-product","3":"status-publish","4":"has-post-thumbnail","6":"product_cat-camisetas","7":"product_tag-lancamentos","9":"first","10":"instock","11":"sale","12":"shipping-taxable","13":"purchasable","14":"product-type-variable"},"_links":{"self":[{"href":"https:\/\/coisadepreto.com.br\/index.php\/wp-json\/wp\/v2\/product\/2023","targetHints":{"allow":["GET"]}}],"collection":[{"href":"https:\/\/coisadepreto.com.br\/index.php\/wp-json\/wp\/v2\/product"}],"about":[{"href":"https:\/\/coisadepreto.com.br\/index.php\/wp-json\/wp\/v2\/types\/product"}],"replies":[{"embeddable":true,"href":"https:\/\/coisadepreto.com.br\/index.php\/wp-json\/wp\/v2\/comments?post=2023"}],"wp:featuredmedia":[{"embeddable":true,"href":"https:\/\/coisadepreto.com.br\/index.php\/wp-json\/wp\/v2\/media\/1011"}],"wp:attachment":[{"href":"https:\/\/coisadepreto.com.br\/index.php\/wp-json\/wp\/v2\/media?parent=2023"}],"wp:term":[{"taxonomy":"product_brand","embeddable":true,"href":"https:\/\/coisadepreto.com.br\/index.php\/wp-json\/wp\/v2\/product_brand?post=2023"},{"taxonomy":"product_cat","embeddable":true,"href":"https:\/\/coisadepreto.com.br\/index.php\/wp-json\/wp\/v2\/product_cat?post=2023"},{"taxonomy":"product_tag","embeddable":true,"href":"https:\/\/coisadepreto.com.br\/index.php\/wp-json\/wp\/v2\/product_tag?post=2023"}],"curies":[{"name":"wp","href":"https:\/\/api.w.org\/{rel}","templated":true}]}}