{"id":1941,"date":"2025-11-07T02:28:38","date_gmt":"2025-11-07T02:28:38","guid":{"rendered":"https:\/\/coisadepreto.com.br\/?post_type=product&#038;p=1941"},"modified":"2025-11-15T13:52:37","modified_gmt":"2025-11-15T13:52:37","slug":"camiseta-raizes-ancestrais","status":"publish","type":"product","link":"https:\/\/coisadepreto.com.br\/index.php\/product\/camiseta-raizes-ancestrais\/","title":{"rendered":"Camiseta &#8211; Ra\u00edzes ancestrais"},"content":{"rendered":"<p>Camiseta\u00a0 100% algod\u00e3o, representa trajet\u00f3rias e conex\u00f5es com o passado ancestral.<\/p>\n<p><b>MEDIDAS OFICIAIS (Valores em Cent\u00edmetros \u2013 cm)<\/b><\/p>\n<p>Para garantir o caimento perfeito, confira as dimens\u00f5es abaixo:<\/p>\n<ul>\n<li><b>Tamanho PP<\/b>\n<ul>\n<li><span class=\"citation-113 citation-end-113\">Ombro: 41 cm<\/span>\n<div class=\"source-inline-chip-container ng-star-inserted\"><\/div>\n<\/li>\n<li><span class=\"citation-112 citation-end-112\">T\u00f3rax: 96 cm<\/span>\n<div class=\"source-inline-chip-container ng-star-inserted\"><\/div>\n<\/li>\n<li><span class=\"citation-111 citation-end-111\">Total Camiseta: 66 cm<\/span>\n<div class=\"source-inline-chip-container ng-star-inserted\"><\/div>\n<\/li>\n<li><span class=\"citation-110 citation-end-110\">Total Manga: 19 cm<\/span>\n<div class=\"source-inline-chip-container ng-star-inserted\"><\/div>\n<\/li>\n<\/ul>\n<\/li>\n<li><b>Tamanho P<\/b>\n<ul>\n<li><span class=\"citation-109 citation-end-109\">Ombro: 42 cm<\/span>\n<div class=\"source-inline-chip-container ng-star-inserted\"><\/div>\n<\/li>\n<li><span class=\"citation-108 citation-end-108\">T\u00f3rax: 102 cm<\/span>\n<div class=\"source-inline-chip-container ng-star-inserted\"><\/div>\n<\/li>\n<li><span class=\"citation-107 citation-end-107\">Total Camiseta: 67 cm<\/span>\n<div class=\"source-inline-chip-container ng-star-inserted\"><\/div>\n<\/li>\n<li><span class=\"citation-106 citation-end-106\">Total Manga: 20 cm<\/span>\n<div class=\"source-inline-chip-container ng-star-inserted\"><\/div>\n<\/li>\n<\/ul>\n<\/li>\n<li><b>Tamanho M<\/b>\n<ul>\n<li><span class=\"citation-105 citation-end-105\">Ombro: 43 cm<\/span>\n<div class=\"source-inline-chip-container ng-star-inserted\"><\/div>\n<\/li>\n<li><span class=\"citation-104 citation-end-104\">T\u00f3rax: 106 cm<\/span>\n<div class=\"source-inline-chip-container ng-star-inserted\"><\/div>\n<\/li>\n<li><span class=\"citation-103 citation-end-103\">Total Camiseta: 69 cm<\/span>\n<div class=\"source-inline-chip-container ng-star-inserted\"><\/div>\n<\/li>\n<li><span class=\"citation-102 citation-end-102\">Total Manga: 20 cm<\/span>\n<div class=\"source-inline-chip-container ng-star-inserted\"><\/div>\n<\/li>\n<\/ul>\n<\/li>\n<li><b>Tamanho G<\/b>\n<ul>\n<li><span class=\"citation-101 citation-end-101\">Ombro: 45 cm<\/span>\n<div class=\"source-inline-chip-container ng-star-inserted\"><\/div>\n<\/li>\n<li><span class=\"citation-100 citation-end-100\">T\u00f3rax: 110 cm<\/span>\n<div class=\"source-inline-chip-container ng-star-inserted\"><\/div>\n<\/li>\n<li><span class=\"citation-99 citation-end-99\">Total Camiseta: 72 cm<\/span>\n<div class=\"source-inline-chip-container ng-star-inserted\"><\/div>\n<\/li>\n<li><span class=\"citation-98 citation-end-98\">Total Manga: 22 cm<\/span>\n<div class=\"source-inline-chip-container ng-star-inserted\"><\/div>\n<\/li>\n<\/ul>\n<\/li>\n<li><b>Tamanho GG<\/b>\n<ul>\n<li><span class=\"citation-97 citation-end-97\">Ombro: 49 cm<\/span>\n<div class=\"source-inline-chip-container ng-star-inserted\"><\/div>\n<\/li>\n<li><span class=\"citation-96 citation-end-96\">T\u00f3rax: 120 cm<\/span>\n<div class=\"source-inline-chip-container ng-star-inserted\"><\/div>\n<\/li>\n<li><span class=\"citation-95 citation-end-95\">Total Camiseta: 73 cm<\/span>\n<div class=\"source-inline-chip-container ng-star-inserted\"><\/div>\n<\/li>\n<li><span class=\"citation-94 citation-end-94\">Total Manga: 24 cm<\/span>\n<div class=\"source-inline-chip-container ng-star-inserted\"><\/div>\n<\/li>\n<\/ul>\n<\/li>\n<li><b>Tamanho EG<\/b>\n<ul>\n<li><span class=\"citation-93 citation-end-93\">Ombro: 53 cm<\/span>\n<div class=\"source-inline-chip-container ng-star-inserted\"><\/div>\n<\/li>\n<li><span class=\"citation-92 citation-end-92\">T\u00f3rax: 128 cm<\/span>\n<div class=\"source-inline-chip-container ng-star-inserted\"><\/div>\n<\/li>\n<li><span class=\"citation-91 citation-end-91\">Total Camiseta: 76 cm<\/span>\n<div class=\"source-inline-chip-container ng-star-inserted\"><\/div>\n<\/li>\n<li><span class=\"citation-90 citation-end-90\">Total Manga: 24 cm<\/span><\/li>\n<\/ul>\n<\/li>\n<\/ul>\n","protected":false},"excerpt":{"rendered":"<p>Camiseta\u00a0 100% algod\u00e3o, representa trajet\u00f3rias e conex\u00f5es com o passado ancestral. MEDIDAS OFICIAIS (Valores em Cent\u00edmetros \u2013 cm) Para garantir o caimento perfeito, confira as dimens\u00f5es abaixo: Tamanho PP Ombro: 41 cm T\u00f3rax: 96 cm Total Camiseta: 66 cm Total Manga: 19 cm Tamanho P Ombro: 42 cm T\u00f3rax: 102 cm Total Camiseta: 67 cm [&hellip;]<\/p>\n","protected":false},"featured_media":1940,"comment_status":"open","ping_status":"closed","template":"","meta":[],"product_brand":[],"product_cat":[35],"product_tag":[],"class_list":{"0":"post-1941","1":"product","2":"type-product","3":"status-publish","4":"has-post-thumbnail","6":"product_cat-camisetas","8":"first","9":"instock","10":"sale","11":"shipping-taxable","12":"purchasable","13":"product-type-variable","14":"has-default-attributes"},"_links":{"self":[{"href":"https:\/\/coisadepreto.com.br\/index.php\/wp-json\/wp\/v2\/product\/1941","targetHints":{"allow":["GET"]}}],"collection":[{"href":"https:\/\/coisadepreto.com.br\/index.php\/wp-json\/wp\/v2\/product"}],"about":[{"href":"https:\/\/coisadepreto.com.br\/index.php\/wp-json\/wp\/v2\/types\/product"}],"replies":[{"embeddable":true,"href":"https:\/\/coisadepreto.com.br\/index.php\/wp-json\/wp\/v2\/comments?post=1941"}],"wp:featuredmedia":[{"embeddable":true,"href":"https:\/\/coisadepreto.com.br\/index.php\/wp-json\/wp\/v2\/media\/1940"}],"wp:attachment":[{"href":"https:\/\/coisadepreto.com.br\/index.php\/wp-json\/wp\/v2\/media?parent=1941"}],"wp:term":[{"taxonomy":"product_brand","embeddable":true,"href":"https:\/\/coisadepreto.com.br\/index.php\/wp-json\/wp\/v2\/product_brand?post=1941"},{"taxonomy":"product_cat","embeddable":true,"href":"https:\/\/coisadepreto.com.br\/index.php\/wp-json\/wp\/v2\/product_cat?post=1941"},{"taxonomy":"product_tag","embeddable":true,"href":"https:\/\/coisadepreto.com.br\/index.php\/wp-json\/wp\/v2\/product_tag?post=1941"}],"curies":[{"name":"wp","href":"https:\/\/api.w.org\/{rel}","templated":true}]}}