{"id":1615,"date":"2025-10-30T02:43:27","date_gmt":"2025-10-30T02:43:27","guid":{"rendered":"https:\/\/coisadepreto.com.br\/?post_type=product&#038;p=1615"},"modified":"2025-11-15T13:13:10","modified_gmt":"2025-11-15T13:13:10","slug":"moletom-coisa-de-preto","status":"publish","type":"product","link":"https:\/\/coisadepreto.com.br\/index.php\/product\/moletom-coisa-de-preto\/","title":{"rendered":"Moletom &#8211; Coisa de Preto"},"content":{"rendered":"<p>Moletom 50% poli\u00e9ster \/ 50% algod\u00e3o<\/p>\n<p>&nbsp;<\/p>\n<p>Para garantir o melhor ajuste, confira as dimens\u00f5es exatas de nossos casacos.<\/p>\n<p><b>Aten\u00e7\u00e3o:<\/b> As medidas s\u00e3o em cent\u00edmetros (cm), onde <b>L = Largura (T\u00f3rax)<\/b> e <b>C = Comprimento Total<\/b>.<\/p>\n<p>&nbsp;<\/p>\n<h3>Dimens\u00f5es por Tamanho (Valores em Cent\u00edmetros &#8211; cm)<\/h3>\n<p>&nbsp;<\/p>\n<ul>\n<li><b>Tamanho P:<\/b>\n<ul>\n<li>Largura (L): 56 cm<\/li>\n<li>Comprimento (C): 69 cm<\/li>\n<\/ul>\n<\/li>\n<li><b>Tamanho M:<\/b>\n<ul>\n<li>Largura (L): 58 cm<\/li>\n<li>Comprimento (C): 71 cm<\/li>\n<\/ul>\n<\/li>\n<li><b>Tamanho G:<\/b>\n<ul>\n<li>Largura (L): 60 cm<\/li>\n<li>Comprimento (C): 74 cm<\/li>\n<\/ul>\n<\/li>\n<li><b>Tamanho GG:<\/b>\n<ul>\n<li>Largura (L): 62 cm<\/li>\n<li>Comprimento (C): 76 cm<\/li>\n<\/ul>\n<\/li>\n<li><b>Tamanho EXG:<\/b>\n<ul>\n<li>Largura (L): 65 cm<\/li>\n<li>Comprimento (C): 81 cm<\/li>\n<\/ul>\n<\/li>\n<\/ul>\n","protected":false},"excerpt":{"rendered":"<p>Camiseta basica 100% algod\u00e3o<\/p>\n","protected":false},"featured_media":1004,"comment_status":"open","ping_status":"closed","template":"","meta":[],"product_brand":[],"product_cat":[36],"product_tag":[],"class_list":{"0":"post-1615","1":"product","2":"type-product","3":"status-publish","4":"has-post-thumbnail","6":"product_cat-moletons","8":"first","9":"onbackorder","10":"shipping-taxable","11":"purchasable","12":"product-type-variable","13":"has-default-attributes"},"_links":{"self":[{"href":"https:\/\/coisadepreto.com.br\/index.php\/wp-json\/wp\/v2\/product\/1615","targetHints":{"allow":["GET"]}}],"collection":[{"href":"https:\/\/coisadepreto.com.br\/index.php\/wp-json\/wp\/v2\/product"}],"about":[{"href":"https:\/\/coisadepreto.com.br\/index.php\/wp-json\/wp\/v2\/types\/product"}],"replies":[{"embeddable":true,"href":"https:\/\/coisadepreto.com.br\/index.php\/wp-json\/wp\/v2\/comments?post=1615"}],"wp:featuredmedia":[{"embeddable":true,"href":"https:\/\/coisadepreto.com.br\/index.php\/wp-json\/wp\/v2\/media\/1004"}],"wp:attachment":[{"href":"https:\/\/coisadepreto.com.br\/index.php\/wp-json\/wp\/v2\/media?parent=1615"}],"wp:term":[{"taxonomy":"product_brand","embeddable":true,"href":"https:\/\/coisadepreto.com.br\/index.php\/wp-json\/wp\/v2\/product_brand?post=1615"},{"taxonomy":"product_cat","embeddable":true,"href":"https:\/\/coisadepreto.com.br\/index.php\/wp-json\/wp\/v2\/product_cat?post=1615"},{"taxonomy":"product_tag","embeddable":true,"href":"https:\/\/coisadepreto.com.br\/index.php\/wp-json\/wp\/v2\/product_tag?post=1615"}],"curies":[{"name":"wp","href":"https:\/\/api.w.org\/{rel}","templated":true}]}}