{"id":1397,"date":"2025-10-24T18:55:34","date_gmt":"2025-10-24T18:55:34","guid":{"rendered":"https:\/\/coisadepreto.com.br\/?post_type=product&#038;p=1397"},"modified":"2025-11-15T14:05:30","modified_gmt":"2025-11-15T14:05:30","slug":"camiseta-coisa-de-preto-modelo-2","status":"publish","type":"product","link":"https:\/\/coisadepreto.com.br\/index.php\/product\/camiseta-coisa-de-preto-modelo-2\/","title":{"rendered":"Camiseta &#8211; M\u00e3e \u00c1frica"},"content":{"rendered":"<p>Camiseta\u00a0 100% algod\u00e3o, homenagem simb\u00f3lica \u00e0 origem e \u00e0 ess\u00eancia do povo negro.<\/p>\n<p><b>MEDIDAS OFICIAIS (Valores em Cent\u00edmetros &#8211; cm)<\/b><\/p>\n<p>Para garantir o caimento perfeito, confira as dimens\u00f5es abaixo:<\/p>\n<ul>\n<li><b>Tamanho PP<\/b>\n<ul>\n<li><span class=\"citation-113 citation-end-113\">Ombro: 41 cm <\/span>\n<div class=\"source-inline-chip-container ng-star-inserted\"><\/div>\n<\/li>\n<li><span class=\"citation-112 citation-end-112\">T\u00f3rax: 96 cm <\/span>\n<div class=\"source-inline-chip-container ng-star-inserted\"><\/div>\n<\/li>\n<li><span class=\"citation-111 citation-end-111\">Total Camiseta: 66 cm <\/span>\n<div class=\"source-inline-chip-container ng-star-inserted\"><\/div>\n<\/li>\n<li><span class=\"citation-110 citation-end-110\">Total Manga: 19 cm <\/span>\n<div class=\"source-inline-chip-container ng-star-inserted\"><\/div>\n<\/li>\n<\/ul>\n<\/li>\n<li><b>Tamanho P<\/b>\n<ul>\n<li><span class=\"citation-109 citation-end-109\">Ombro: 42 cm <\/span>\n<div class=\"source-inline-chip-container ng-star-inserted\"><\/div>\n<\/li>\n<li><span class=\"citation-108 citation-end-108\">T\u00f3rax: 102 cm <\/span>\n<div class=\"source-inline-chip-container ng-star-inserted\"><\/div>\n<\/li>\n<li><span class=\"citation-107 citation-end-107\">Total Camiseta: 67 cm <\/span>\n<div class=\"source-inline-chip-container ng-star-inserted\"><\/div>\n<\/li>\n<li><span class=\"citation-106 citation-end-106\">Total Manga: 20 cm <\/span>\n<div class=\"source-inline-chip-container ng-star-inserted\"><\/div>\n<\/li>\n<\/ul>\n<\/li>\n<li><b>Tamanho M<\/b>\n<ul>\n<li><span class=\"citation-105 citation-end-105\">Ombro: 43 cm <\/span>\n<div class=\"source-inline-chip-container ng-star-inserted\"><\/div>\n<\/li>\n<li><span class=\"citation-104 citation-end-104\">T\u00f3rax: 106 cm <\/span>\n<div class=\"source-inline-chip-container ng-star-inserted\"><\/div>\n<\/li>\n<li><span class=\"citation-103 citation-end-103\">Total Camiseta: 69 cm <\/span>\n<div class=\"source-inline-chip-container ng-star-inserted\"><\/div>\n<\/li>\n<li><span class=\"citation-102 citation-end-102\">Total Manga: 20 cm <\/span>\n<div class=\"source-inline-chip-container ng-star-inserted\"><\/div>\n<\/li>\n<\/ul>\n<\/li>\n<li><b>Tamanho G<\/b>\n<ul>\n<li><span class=\"citation-101 citation-end-101\">Ombro: 45 cm <\/span>\n<div class=\"source-inline-chip-container ng-star-inserted\"><\/div>\n<\/li>\n<li><span class=\"citation-100 citation-end-100\">T\u00f3rax: 110 cm <\/span>\n<div class=\"source-inline-chip-container ng-star-inserted\"><\/div>\n<\/li>\n<li><span class=\"citation-99 citation-end-99\">Total Camiseta: 72 cm <\/span>\n<div class=\"source-inline-chip-container ng-star-inserted\"><\/div>\n<\/li>\n<li><span class=\"citation-98 citation-end-98\">Total Manga: 22 cm <\/span>\n<div class=\"source-inline-chip-container ng-star-inserted\"><\/div>\n<\/li>\n<\/ul>\n<\/li>\n<li><b>Tamanho GG<\/b>\n<ul>\n<li><span class=\"citation-97 citation-end-97\">Ombro: 49 cm <\/span>\n<div class=\"source-inline-chip-container ng-star-inserted\"><\/div>\n<\/li>\n<li><span class=\"citation-96 citation-end-96\">T\u00f3rax: 120 cm <\/span>\n<div class=\"source-inline-chip-container ng-star-inserted\"><\/div>\n<\/li>\n<li><span class=\"citation-95 citation-end-95\">Total Camiseta: 73 cm <\/span>\n<div class=\"source-inline-chip-container ng-star-inserted\"><\/div>\n<\/li>\n<li><span class=\"citation-94 citation-end-94\">Total Manga: 24 cm <\/span>\n<div class=\"source-inline-chip-container ng-star-inserted\"><\/div>\n<\/li>\n<\/ul>\n<\/li>\n<li><b>Tamanho EG<\/b>\n<ul>\n<li><span class=\"citation-93 citation-end-93\">Ombro: 53 cm <\/span>\n<div class=\"source-inline-chip-container ng-star-inserted\"><\/div>\n<\/li>\n<li><span class=\"citation-92 citation-end-92\">T\u00f3rax: 128 cm <\/span>\n<div class=\"source-inline-chip-container ng-star-inserted\"><\/div>\n<\/li>\n<li><span class=\"citation-91 citation-end-91\">Total Camiseta: 76 cm <\/span>\n<div class=\"source-inline-chip-container ng-star-inserted\"><\/div>\n<\/li>\n<li><span class=\"citation-90 citation-end-90\">Total Manga: 24 cm<\/span><\/li>\n<\/ul>\n<\/li>\n<\/ul>\n","protected":false},"excerpt":{"rendered":"<p>Camiseta basica 100% algod\u00e3o<\/p>\n","protected":false},"featured_media":999,"comment_status":"open","ping_status":"closed","template":"","meta":[],"product_brand":[],"product_cat":[35],"product_tag":[73,72],"class_list":{"0":"post-1397","1":"product","2":"type-product","3":"status-publish","4":"has-post-thumbnail","6":"product_cat-camisetas","7":"product_tag-afro-chic","8":"product_tag-lancamentos","10":"first","11":"instock","12":"sale","13":"shipping-taxable","14":"purchasable","15":"product-type-variable","16":"has-default-attributes"},"_links":{"self":[{"href":"https:\/\/coisadepreto.com.br\/index.php\/wp-json\/wp\/v2\/product\/1397","targetHints":{"allow":["GET"]}}],"collection":[{"href":"https:\/\/coisadepreto.com.br\/index.php\/wp-json\/wp\/v2\/product"}],"about":[{"href":"https:\/\/coisadepreto.com.br\/index.php\/wp-json\/wp\/v2\/types\/product"}],"replies":[{"embeddable":true,"href":"https:\/\/coisadepreto.com.br\/index.php\/wp-json\/wp\/v2\/comments?post=1397"}],"wp:featuredmedia":[{"embeddable":true,"href":"https:\/\/coisadepreto.com.br\/index.php\/wp-json\/wp\/v2\/media\/999"}],"wp:attachment":[{"href":"https:\/\/coisadepreto.com.br\/index.php\/wp-json\/wp\/v2\/media?parent=1397"}],"wp:term":[{"taxonomy":"product_brand","embeddable":true,"href":"https:\/\/coisadepreto.com.br\/index.php\/wp-json\/wp\/v2\/product_brand?post=1397"},{"taxonomy":"product_cat","embeddable":true,"href":"https:\/\/coisadepreto.com.br\/index.php\/wp-json\/wp\/v2\/product_cat?post=1397"},{"taxonomy":"product_tag","embeddable":true,"href":"https:\/\/coisadepreto.com.br\/index.php\/wp-json\/wp\/v2\/product_tag?post=1397"}],"curies":[{"name":"wp","href":"https:\/\/api.w.org\/{rel}","templated":true}]}}