{"id":235,"date":"2024-02-07T02:59:37","date_gmt":"2024-02-07T02:59:37","guid":{"rendered":"https:\/\/coisadepreto.com.br\/?page_id=235"},"modified":"2024-08-22T01:52:33","modified_gmt":"2024-08-22T01:52:33","slug":"sobre","status":"publish","type":"page","link":"https:\/\/coisadepreto.com.br\/index.php\/sobre\/","title":{"rendered":"Sobre"},"content":{"rendered":"\t\t<div data-elementor-type=\"wp-page\" data-elementor-id=\"235\" class=\"elementor elementor-235\">\n\t\t\t\t<div data-particle_enable=\"false\" data-particle-mobile-disabled=\"false\" class=\"elementor-element elementor-element-59399b9 e-flex e-con-boxed e-con e-parent\" data-id=\"59399b9\" data-element_type=\"container\">\n\t\t\t\t\t<div class=\"e-con-inner\">\n\t\t<div data-particle_enable=\"false\" data-particle-mobile-disabled=\"false\" class=\"elementor-element elementor-element-21a2435 e-con-full e-flex e-con e-child\" data-id=\"21a2435\" data-element_type=\"container\">\n\t\t\t\t<div class=\"elementor-element elementor-element-fc81cfb elementor-widget elementor-widget-heading\" data-id=\"fc81cfb\" data-element_type=\"widget\" data-widget_type=\"heading.default\">\n\t\t\t\t<div class=\"elementor-widget-container\">\n\t\t\t\t\t<h2 class=\"elementor-heading-title elementor-size-default\">Sobre n\u00f3s:<\/h2>\t\t\t\t<\/div>\n\t\t\t\t<\/div>\n\t\t\t\t<div class=\"elementor-element elementor-element-a89d3a1 elementor-widget elementor-widget-text-editor\" data-id=\"a89d3a1\" data-element_type=\"widget\" data-widget_type=\"text-editor.default\">\n\t\t\t\t<div class=\"elementor-widget-container\">\n\t\t\t\t\t\t\t\t\t<p>Nossa miss\u00e3o vai al\u00e9m da simples moda. Somos um s\u00edmbolo de inclus\u00e3o, um eco das vozes ancestrais que ecoam atrav\u00e9s do tempo. Celebramos n\u00e3o apenas a cor da pele, mas sim a riqueza da experi\u00eancia humana em toda a sua diversidade.<\/p><p>Nossas pe\u00e7as s\u00e3o mais do que simples tecidos e costuras; s\u00e3o testemunhas das jornadas individuais de cada pessoa. Estamos aqui para integrar seu contexto de vida, suas dores e suas alegrias, seus sonhos e suas conquistas, reescrever a sua hist\u00f3ria.<\/p><p>Somos um farol de orgulho e resili\u00eancia, uma homenagem \u00e0 ancestralidade que nos fortalece. Em cada linha, em cada detalhe, encontrar\u00e1 a marca da excel\u00eancia e da qualidade, refletindo a riqueza de quem somos.<\/p><p>Seja parte dessa jornada de ressignifica\u00e7\u00e3o. Coisa de Preto \u00e9 o reflexo da sua nova identidade.<\/p>\t\t\t\t\t\t\t\t<\/div>\n\t\t\t\t<\/div>\n\t\t\t\t<\/div>\n\t\t<div data-particle_enable=\"false\" data-particle-mobile-disabled=\"false\" class=\"elementor-element elementor-element-9a95f3c e-con-full e-flex e-con e-child\" data-id=\"9a95f3c\" data-element_type=\"container\">\n\t\t\t\t<div class=\"elementor-element elementor-element-1c2cf9c elementor-widget elementor-widget-image\" data-id=\"1c2cf9c\" data-element_type=\"widget\" data-widget_type=\"image.default\">\n\t\t\t\t<div class=\"elementor-widget-container\">\n\t\t\t\t\t\t\t\t\t\t\t\t\t\t\t<img fetchpriority=\"high\" decoding=\"async\" width=\"800\" height=\"800\" src=\"https:\/\/coisadepreto.com.br\/wp-content\/uploads\/2024\/02\/png-1024x1024.jpg\" class=\"attachment-large size-large wp-image-84\" alt=\"\" srcset=\"https:\/\/coisadepreto.com.br\/wp-content\/uploads\/2024\/02\/png-1024x1024.jpg 1024w, https:\/\/coisadepreto.com.br\/wp-content\/uploads\/2024\/02\/png-300x300.jpg 300w, https:\/\/coisadepreto.com.br\/wp-content\/uploads\/2024\/02\/png-150x150.jpg 150w, https:\/\/coisadepreto.com.br\/wp-content\/uploads\/2024\/02\/png-768x768.jpg 768w, https:\/\/coisadepreto.com.br\/wp-content\/uploads\/2024\/02\/png-600x600.jpg 600w, https:\/\/coisadepreto.com.br\/wp-content\/uploads\/2024\/02\/png-100x100.jpg 100w, https:\/\/coisadepreto.com.br\/wp-content\/uploads\/2024\/02\/png.jpg 1080w\" sizes=\"(max-width: 800px) 100vw, 800px\" \/>\t\t\t\t\t\t\t\t\t\t\t\t\t\t\t<\/div>\n\t\t\t\t<\/div>\n\t\t\t\t<\/div>\n\t\t\t\t\t<\/div>\n\t\t\t\t<\/div>\n\t\t<div data-particle_enable=\"false\" data-particle-mobile-disabled=\"false\" class=\"elementor-element elementor-element-edf15e8 e-flex e-con-boxed e-con e-parent\" data-id=\"edf15e8\" data-element_type=\"container\" data-settings=\"{&quot;background_background&quot;:&quot;classic&quot;}\">\n\t\t\t\t\t<div class=\"e-con-inner\">\n\t\t<div data-particle_enable=\"false\" data-particle-mobile-disabled=\"false\" class=\"elementor-element elementor-element-6391bbe5 e-con-full e-flex e-con e-child\" data-id=\"6391bbe5\" data-element_type=\"container\">\n\t\t\t\t<div class=\"elementor-element elementor-element-325367d5 animated-slow elementor-invisible elementor-widget elementor-widget-heading\" data-id=\"325367d5\" data-element_type=\"widget\" data-settings=\"{&quot;_animation&quot;:&quot;slideInUp&quot;}\" data-widget_type=\"heading.default\">\n\t\t\t\t<div class=\"elementor-widget-container\">\n\t\t\t\t\t<h2 class=\"elementor-heading-title elementor-size-default\">D\u00favidas sobre<br> a Coisa de Preto<\/h2>\t\t\t\t<\/div>\n\t\t\t\t<\/div>\n\t\t\t\t<\/div>\n\t\t\t\t<div class=\"elementor-element elementor-element-1f563658 elementor-widget__width-inherit elementor-widget elementor-widget-toggle\" data-id=\"1f563658\" data-element_type=\"widget\" data-widget_type=\"toggle.default\">\n\t\t\t\t<div class=\"elementor-widget-container\">\n\t\t\t\t\t\t\t<div class=\"elementor-toggle\">\n\t\t\t\t\t\t\t<div class=\"elementor-toggle-item\">\n\t\t\t\t\t<h3 id=\"elementor-tab-title-5251\" class=\"elementor-tab-title\" data-tab=\"1\" role=\"button\" aria-controls=\"elementor-tab-content-5251\" aria-expanded=\"false\">\n\t\t\t\t\t\t\t\t\t\t\t\t<span class=\"elementor-toggle-icon elementor-toggle-icon-right\" aria-hidden=\"true\">\n\t\t\t\t\t\t\t\t\t\t\t\t\t\t\t<span class=\"elementor-toggle-icon-closed\"><svg class=\"e-font-icon-svg e-fas-plus\" viewBox=\"0 0 448 512\" xmlns=\"http:\/\/www.w3.org\/2000\/svg\"><path d=\"M416 208H272V64c0-17.67-14.33-32-32-32h-32c-17.67 0-32 14.33-32 32v144H32c-17.67 0-32 14.33-32 32v32c0 17.67 14.33 32 32 32h144v144c0 17.67 14.33 32 32 32h32c17.67 0 32-14.33 32-32V304h144c17.67 0 32-14.33 32-32v-32c0-17.67-14.33-32-32-32z\"><\/path><\/svg><\/span>\n\t\t\t\t\t\t\t\t<span class=\"elementor-toggle-icon-opened\"><svg class=\"elementor-toggle-icon-opened e-font-icon-svg e-fas-minus\" viewBox=\"0 0 448 512\" xmlns=\"http:\/\/www.w3.org\/2000\/svg\"><path d=\"M416 208H32c-17.67 0-32 14.33-32 32v32c0 17.67 14.33 32 32 32h384c17.67 0 32-14.33 32-32v-32c0-17.67-14.33-32-32-32z\"><\/path><\/svg><\/span>\n\t\t\t\t\t\t\t\t\t\t\t\t\t<\/span>\n\t\t\t\t\t\t\t\t\t\t\t\t<a class=\"elementor-toggle-title\" tabindex=\"0\">Qual a miss\u00e3o?<\/a>\n\t\t\t\t\t<\/h3>\n\n\t\t\t\t\t<div id=\"elementor-tab-content-5251\" class=\"elementor-tab-content elementor-clearfix\" data-tab=\"1\" role=\"region\" aria-labelledby=\"elementor-tab-title-5251\"><p>Na Coisa de Preto, nossa miss\u00e3o vai al\u00e9m da simples moda. Somos um s\u00edmbolo de inclus\u00e3o, um eco das vozes ancestrais que ecoam atrav\u00e9s do tempo. Celebramos n\u00e3o apenas a cor da pele, mas sim a riqueza da experi\u00eancia humana em toda a sua diversidade.<\/p><\/div>\n\t\t\t\t<\/div>\n\t\t\t\t\t\t\t<div class=\"elementor-toggle-item\">\n\t\t\t\t\t<h3 id=\"elementor-tab-title-5252\" class=\"elementor-tab-title\" data-tab=\"2\" role=\"button\" aria-controls=\"elementor-tab-content-5252\" aria-expanded=\"false\">\n\t\t\t\t\t\t\t\t\t\t\t\t<span class=\"elementor-toggle-icon elementor-toggle-icon-right\" aria-hidden=\"true\">\n\t\t\t\t\t\t\t\t\t\t\t\t\t\t\t<span class=\"elementor-toggle-icon-closed\"><svg class=\"e-font-icon-svg e-fas-plus\" viewBox=\"0 0 448 512\" xmlns=\"http:\/\/www.w3.org\/2000\/svg\"><path d=\"M416 208H272V64c0-17.67-14.33-32-32-32h-32c-17.67 0-32 14.33-32 32v144H32c-17.67 0-32 14.33-32 32v32c0 17.67 14.33 32 32 32h144v144c0 17.67 14.33 32 32 32h32c17.67 0 32-14.33 32-32V304h144c17.67 0 32-14.33 32-32v-32c0-17.67-14.33-32-32-32z\"><\/path><\/svg><\/span>\n\t\t\t\t\t\t\t\t<span class=\"elementor-toggle-icon-opened\"><svg class=\"elementor-toggle-icon-opened e-font-icon-svg e-fas-minus\" viewBox=\"0 0 448 512\" xmlns=\"http:\/\/www.w3.org\/2000\/svg\"><path d=\"M416 208H32c-17.67 0-32 14.33-32 32v32c0 17.67 14.33 32 32 32h384c17.67 0 32-14.33 32-32v-32c0-17.67-14.33-32-32-32z\"><\/path><\/svg><\/span>\n\t\t\t\t\t\t\t\t\t\t\t\t\t<\/span>\n\t\t\t\t\t\t\t\t\t\t\t\t<a class=\"elementor-toggle-title\" tabindex=\"0\">O que nos inspira?<\/a>\n\t\t\t\t\t<\/h3>\n\n\t\t\t\t\t<div id=\"elementor-tab-content-5252\" class=\"elementor-tab-content elementor-clearfix\" data-tab=\"2\" role=\"region\" aria-labelledby=\"elementor-tab-title-5252\"><p>Nossa inspira\u00e7\u00e3o nasce da profunda conex\u00e3o com nossas ra\u00edzes e da celebra\u00e7\u00e3o da diversidade humana. Em um mundo que muitas vezes se busca o padr\u00e3o europeu, revelamos for\u00e7a e beleza na autenticidade da cultura afro. Que merece ter a sua hist\u00f3ria contada e cada experi\u00eancia, valorizada.<br \/>A ancestralidade \u00e9 um farol que ilumina nosso caminho, guiando-nos na cria\u00e7\u00e3o de modelos que transcendem a moda e se tornam s\u00edmbolos de resist\u00eancia e orgulho. Os designs que criamos s\u00e3o uma ode \u00e0 singularidade e ao poder de ressignificar a narrativa pessoal.<br \/>O que realmente nos inspira \u00e9 a riqueza da ancestralidade e as infinitas possibilidades de materializ\u00e1-la honrando suas formas, beleza e complexidade.<\/p><\/div>\n\t\t\t\t<\/div>\n\t\t\t\t\t\t\t<div class=\"elementor-toggle-item\">\n\t\t\t\t\t<h3 id=\"elementor-tab-title-5253\" class=\"elementor-tab-title\" data-tab=\"3\" role=\"button\" aria-controls=\"elementor-tab-content-5253\" aria-expanded=\"false\">\n\t\t\t\t\t\t\t\t\t\t\t\t<span class=\"elementor-toggle-icon elementor-toggle-icon-right\" aria-hidden=\"true\">\n\t\t\t\t\t\t\t\t\t\t\t\t\t\t\t<span class=\"elementor-toggle-icon-closed\"><svg class=\"e-font-icon-svg e-fas-plus\" viewBox=\"0 0 448 512\" xmlns=\"http:\/\/www.w3.org\/2000\/svg\"><path d=\"M416 208H272V64c0-17.67-14.33-32-32-32h-32c-17.67 0-32 14.33-32 32v144H32c-17.67 0-32 14.33-32 32v32c0 17.67 14.33 32 32 32h144v144c0 17.67 14.33 32 32 32h32c17.67 0 32-14.33 32-32V304h144c17.67 0 32-14.33 32-32v-32c0-17.67-14.33-32-32-32z\"><\/path><\/svg><\/span>\n\t\t\t\t\t\t\t\t<span class=\"elementor-toggle-icon-opened\"><svg class=\"elementor-toggle-icon-opened e-font-icon-svg e-fas-minus\" viewBox=\"0 0 448 512\" xmlns=\"http:\/\/www.w3.org\/2000\/svg\"><path d=\"M416 208H32c-17.67 0-32 14.33-32 32v32c0 17.67 14.33 32 32 32h384c17.67 0 32-14.33 32-32v-32c0-17.67-14.33-32-32-32z\"><\/path><\/svg><\/span>\n\t\t\t\t\t\t\t\t\t\t\t\t\t<\/span>\n\t\t\t\t\t\t\t\t\t\t\t\t<a class=\"elementor-toggle-title\" tabindex=\"0\">Voc\u00eas possuem loja fisica?<\/a>\n\t\t\t\t\t<\/h3>\n\n\t\t\t\t\t<div id=\"elementor-tab-content-5253\" class=\"elementor-tab-content elementor-clearfix\" data-tab=\"3\" role=\"region\" aria-labelledby=\"elementor-tab-title-5253\"><p>No momento n\u00e3o, estamos somente com loja virtual para melhor te atender!<\/p><\/div>\n\t\t\t\t<\/div>\n\t\t\t\t\t\t\t\t<\/div>\n\t\t\t\t\t\t<\/div>\n\t\t\t\t<\/div>\n\t\t\t\t\t<\/div>\n\t\t\t\t<\/div>\n\t\t\t\t<\/div>\n\t\t","protected":false},"excerpt":{"rendered":"<p>Sobre n\u00f3s: Nossa miss\u00e3o vai al\u00e9m da simples moda. Somos um s\u00edmbolo de inclus\u00e3o, um eco das vozes ancestrais que ecoam atrav\u00e9s do tempo. Celebramos n\u00e3o apenas a cor da pele, mas sim a riqueza da experi\u00eancia humana em toda a sua diversidade. Nossas pe\u00e7as s\u00e3o mais do que simples tecidos e costuras; s\u00e3o testemunhas [&hellip;]<\/p>\n","protected":false},"author":1,"featured_media":0,"parent":0,"menu_order":0,"comment_status":"closed","ping_status":"closed","template":"elementor_header_footer","meta":{"footnotes":""},"class_list":["post-235","page","type-page","status-publish","hentry"],"_links":{"self":[{"href":"https:\/\/coisadepreto.com.br\/index.php\/wp-json\/wp\/v2\/pages\/235","targetHints":{"allow":["GET"]}}],"collection":[{"href":"https:\/\/coisadepreto.com.br\/index.php\/wp-json\/wp\/v2\/pages"}],"about":[{"href":"https:\/\/coisadepreto.com.br\/index.php\/wp-json\/wp\/v2\/types\/page"}],"author":[{"embeddable":true,"href":"https:\/\/coisadepreto.com.br\/index.php\/wp-json\/wp\/v2\/users\/1"}],"replies":[{"embeddable":true,"href":"https:\/\/coisadepreto.com.br\/index.php\/wp-json\/wp\/v2\/comments?post=235"}],"version-history":[{"count":19,"href":"https:\/\/coisadepreto.com.br\/index.php\/wp-json\/wp\/v2\/pages\/235\/revisions"}],"predecessor-version":[{"id":524,"href":"https:\/\/coisadepreto.com.br\/index.php\/wp-json\/wp\/v2\/pages\/235\/revisions\/524"}],"wp:attachment":[{"href":"https:\/\/coisadepreto.com.br\/index.php\/wp-json\/wp\/v2\/media?parent=235"}],"curies":[{"name":"wp","href":"https:\/\/api.w.org\/{rel}","templated":true}]}}