{"id":1452,"date":"2025-10-30T02:10:43","date_gmt":"2025-10-30T02:10:43","guid":{"rendered":"https:\/\/coisadepreto.com.br\/?page_id=1452"},"modified":"2025-11-20T17:13:50","modified_gmt":"2025-11-20T17:13:50","slug":"home2-copy","status":"publish","type":"page","link":"https:\/\/coisadepreto.com.br\/","title":{"rendered":"Home"},"content":{"rendered":"\t\t<div data-elementor-type=\"wp-page\" data-elementor-id=\"1452\" class=\"elementor elementor-1452\">\n\t\t\t\t<div data-particle_enable=\"false\" data-particle-mobile-disabled=\"false\" class=\"elementor-element elementor-element-b368c15 e-flex e-con-boxed e-con e-parent\" data-id=\"b368c15\" data-element_type=\"container\" data-settings=\"{&quot;background_background&quot;:&quot;classic&quot;}\">\n\t\t\t\t\t<div class=\"e-con-inner\">\n\t\t<div data-particle_enable=\"false\" data-particle-mobile-disabled=\"false\" class=\"elementor-element elementor-element-a413840 e-flex e-con-boxed e-con e-child\" data-id=\"a413840\" data-element_type=\"container\">\n\t\t\t\t\t<div class=\"e-con-inner\">\n\t\t\t\t<div class=\"elementor-element elementor-element-3ef8016 elementor-widget-divider--view-line elementor-widget elementor-widget-divider\" data-id=\"3ef8016\" data-element_type=\"widget\" data-widget_type=\"divider.default\">\n\t\t\t\t<div class=\"elementor-widget-container\">\n\t\t\t\t\t\t\t<div class=\"elementor-divider\">\n\t\t\t<span class=\"elementor-divider-separator\">\n\t\t\t\t\t\t<\/span>\n\t\t<\/div>\n\t\t\t\t\t\t<\/div>\n\t\t\t\t<\/div>\n\t\t\t\t\t<\/div>\n\t\t\t\t<\/div>\n\t\t\t\t\t<\/div>\n\t\t\t\t<\/div>\n\t\t<div data-particle_enable=\"false\" data-particle-mobile-disabled=\"false\" class=\"elementor-element elementor-element-104de37 e-flex e-con-boxed e-con e-parent\" data-id=\"104de37\" data-element_type=\"container\" data-settings=\"{&quot;background_background&quot;:&quot;classic&quot;}\">\n\t\t\t\t\t<div class=\"e-con-inner\">\n\t\t<div data-particle_enable=\"false\" data-particle-mobile-disabled=\"false\" class=\"elementor-element elementor-element-fa1e1d6 e-con-full e-flex e-con e-child\" data-id=\"fa1e1d6\" data-element_type=\"container\">\n\t\t<div data-particle_enable=\"false\" data-particle-mobile-disabled=\"false\" class=\"elementor-element elementor-element-883940a e-grid e-con-boxed e-con e-child\" data-id=\"883940a\" data-element_type=\"container\">\n\t\t\t\t\t<div class=\"e-con-inner\">\n\t\t\t\t<div class=\"elementor-element elementor-element-c14a820 elementor-widget elementor-widget-heading\" data-id=\"c14a820\" data-element_type=\"widget\" data-widget_type=\"heading.default\">\n\t\t\t\t<div class=\"elementor-widget-container\">\n\t\t\t\t\t<h2 class=\"elementor-heading-title elementor-size-default\"><br><br>Cole\u00e7\u00e3o Essencial<\/h2>\t\t\t\t<\/div>\n\t\t\t\t<\/div>\n\t\t\t\t<div class=\"elementor-element elementor-element-8b7600c elementor-widget elementor-widget-heading\" data-id=\"8b7600c\" data-element_type=\"widget\" data-widget_type=\"heading.default\">\n\t\t\t\t<div class=\"elementor-widget-container\">\n\t\t\t\t\t<h2 class=\"elementor-heading-title elementor-size-default\">Pe\u00e7as exclusivas que unem minimalismo e identidade<\/h2>\t\t\t\t<\/div>\n\t\t\t\t<\/div>\n\t\t<div data-particle_enable=\"false\" data-particle-mobile-disabled=\"false\" class=\"elementor-element elementor-element-76f90a4 e-grid e-con-boxed e-con e-child\" data-id=\"76f90a4\" data-element_type=\"container\">\n\t\t\t\t\t<div class=\"e-con-inner\">\n\t\t\t\t<div class=\"elementor-element elementor-element-8a63f07 elementor-widget elementor-widget-button\" data-id=\"8a63f07\" data-element_type=\"widget\" data-widget_type=\"button.default\">\n\t\t\t\t<div class=\"elementor-widget-container\">\n\t\t\t\t\t\t\t\t\t<div class=\"elementor-button-wrapper\">\n\t\t\t\t\t<a class=\"elementor-button elementor-button-link elementor-size-sm\" href=\"https:\/\/coisadepreto.com.br\/index.php\/product-tag\/basica\/\">\n\t\t\t\t\t\t<span class=\"elementor-button-content-wrapper\">\n\t\t\t\t\t\t\t\t\t<span class=\"elementor-button-text\">Comprar Agora<\/span>\n\t\t\t\t\t<\/span>\n\t\t\t\t\t<\/a>\n\t\t\t\t<\/div>\n\t\t\t\t\t\t\t\t<\/div>\n\t\t\t\t<\/div>\n\t\t\t\t<div class=\"elementor-element elementor-element-04fa36f elementor-widget elementor-widget-button\" data-id=\"04fa36f\" data-element_type=\"widget\" data-widget_type=\"button.default\">\n\t\t\t\t<div class=\"elementor-widget-container\">\n\t\t\t\t\t\t\t\t\t<div class=\"elementor-button-wrapper\">\n\t\t\t\t\t<a class=\"elementor-button elementor-button-link elementor-size-sm\" href=\"https:\/\/coisadepreto.com.br\/index.php\/product\/camiseta-coisa-de-preto-basica-copia\/\">\n\t\t\t\t\t\t<span class=\"elementor-button-content-wrapper\">\n\t\t\t\t\t\t\t\t\t<span class=\"elementor-button-text\">Ver detalhes<\/span>\n\t\t\t\t\t<\/span>\n\t\t\t\t\t<\/a>\n\t\t\t\t<\/div>\n\t\t\t\t\t\t\t\t<\/div>\n\t\t\t\t<\/div>\n\t\t\t\t\t<\/div>\n\t\t\t\t<\/div>\n\t\t\t\t\t<\/div>\n\t\t\t\t<\/div>\n\t\t\t\t<\/div>\n\t\t<div data-particle_enable=\"false\" data-particle-mobile-disabled=\"false\" class=\"elementor-element elementor-element-50eb608 e-con-full e-flex e-con e-child\" data-id=\"50eb608\" data-element_type=\"container\">\n\t\t\t\t<div class=\"elementor-element elementor-element-71d764d elementor-widget elementor-widget-image\" data-id=\"71d764d\" data-element_type=\"widget\" data-widget_type=\"image.default\">\n\t\t\t\t<div class=\"elementor-widget-container\">\n\t\t\t\t\t\t\t\t\t\t\t\t\t\t\t<img fetchpriority=\"high\" decoding=\"async\" width=\"700\" height=\"380\" src=\"https:\/\/coisadepreto.com.br\/wp-content\/uploads\/2024\/02\/Gemini_Generated_Image_e5bikse5bikse5bi_cortada-e1761531101366.png\" class=\"attachment-2048x2048 size-2048x2048 wp-image-1460\" alt=\"\" srcset=\"https:\/\/coisadepreto.com.br\/wp-content\/uploads\/2024\/02\/Gemini_Generated_Image_e5bikse5bikse5bi_cortada-e1761531101366.png 700w, https:\/\/coisadepreto.com.br\/wp-content\/uploads\/2024\/02\/Gemini_Generated_Image_e5bikse5bikse5bi_cortada-e1761531101366-300x163.png 300w, https:\/\/coisadepreto.com.br\/wp-content\/uploads\/2024\/02\/Gemini_Generated_Image_e5bikse5bikse5bi_cortada-e1761531101366-600x326.png 600w\" sizes=\"(max-width: 700px) 100vw, 700px\" \/>\t\t\t\t\t\t\t\t\t\t\t\t\t\t\t<\/div>\n\t\t\t\t<\/div>\n\t\t\t\t<\/div>\n\t\t\t\t\t<\/div>\n\t\t\t\t<\/div>\n\t\t<div data-particle_enable=\"false\" data-particle-mobile-disabled=\"false\" class=\"elementor-element elementor-element-fd87a1b e-flex e-con-boxed e-con e-parent\" data-id=\"fd87a1b\" data-element_type=\"container\" data-settings=\"{&quot;background_background&quot;:&quot;classic&quot;}\">\n\t\t\t\t\t<div class=\"e-con-inner\">\n\t\t<div data-particle_enable=\"false\" data-particle-mobile-disabled=\"false\" class=\"elementor-element elementor-element-f5b33f8 e-flex e-con-boxed e-con e-child\" data-id=\"f5b33f8\" data-element_type=\"container\">\n\t\t\t\t\t<div class=\"e-con-inner\">\n\t\t\t\t<div class=\"elementor-element elementor-element-f117444 elementor-widget-divider--view-line elementor-widget elementor-widget-divider\" data-id=\"f117444\" data-element_type=\"widget\" data-widget_type=\"divider.default\">\n\t\t\t\t<div class=\"elementor-widget-container\">\n\t\t\t\t\t\t\t<div class=\"elementor-divider\">\n\t\t\t<span class=\"elementor-divider-separator\">\n\t\t\t\t\t\t<\/span>\n\t\t<\/div>\n\t\t\t\t\t\t<\/div>\n\t\t\t\t<\/div>\n\t\t\t\t\t<\/div>\n\t\t\t\t<\/div>\n\t\t\t\t\t<\/div>\n\t\t\t\t<\/div>\n\t\t<div data-particle_enable=\"false\" data-particle-mobile-disabled=\"false\" class=\"elementor-element elementor-element-8befd5b e-grid e-con-boxed e-con e-parent\" data-id=\"8befd5b\" data-element_type=\"container\" data-settings=\"{&quot;background_background&quot;:&quot;classic&quot;}\">\n\t\t\t\t\t<div class=\"e-con-inner\">\n\t\t<div data-particle_enable=\"false\" data-particle-mobile-disabled=\"false\" class=\"elementor-element elementor-element-2b89d68 e-flex e-con-boxed e-con e-child\" data-id=\"2b89d68\" data-element_type=\"container\">\n\t\t\t\t\t<div class=\"e-con-inner\">\n\t\t\t\t<div class=\"elementor-element elementor-element-4915880 elementor-widget elementor-widget-image\" data-id=\"4915880\" data-element_type=\"widget\" data-widget_type=\"image.default\">\n\t\t\t\t<div class=\"elementor-widget-container\">\n\t\t\t\t\t\t\t\t\t\t\t\t\t\t\t<img decoding=\"async\" width=\"800\" height=\"477\" src=\"https:\/\/coisadepreto.com.br\/wp-content\/uploads\/2024\/02\/Gemini_Generated_Image_y1k0why1k0why1k0-1024x610.png\" class=\"attachment-large size-large wp-image-1465\" alt=\"\" srcset=\"https:\/\/coisadepreto.com.br\/wp-content\/uploads\/2024\/02\/Gemini_Generated_Image_y1k0why1k0why1k0-1024x610.png 1024w, https:\/\/coisadepreto.com.br\/wp-content\/uploads\/2024\/02\/Gemini_Generated_Image_y1k0why1k0why1k0-300x179.png 300w, https:\/\/coisadepreto.com.br\/wp-content\/uploads\/2024\/02\/Gemini_Generated_Image_y1k0why1k0why1k0-768x458.png 768w, https:\/\/coisadepreto.com.br\/wp-content\/uploads\/2024\/02\/Gemini_Generated_Image_y1k0why1k0why1k0-600x358.png 600w, https:\/\/coisadepreto.com.br\/wp-content\/uploads\/2024\/02\/Gemini_Generated_Image_y1k0why1k0why1k0.png 1208w\" sizes=\"(max-width: 800px) 100vw, 800px\" \/>\t\t\t\t\t\t\t\t\t\t\t\t\t\t\t<\/div>\n\t\t\t\t<\/div>\n\t\t\t\t\t<\/div>\n\t\t\t\t<\/div>\n\t\t<div data-particle_enable=\"false\" data-particle-mobile-disabled=\"false\" class=\"elementor-element elementor-element-ac6317a e-flex e-con-boxed e-con e-child\" data-id=\"ac6317a\" data-element_type=\"container\">\n\t\t\t\t\t<div class=\"e-con-inner\">\n\t\t<div data-particle_enable=\"false\" data-particle-mobile-disabled=\"false\" class=\"elementor-element elementor-element-56e3920 e-grid e-con-boxed e-con e-child\" data-id=\"56e3920\" data-element_type=\"container\">\n\t\t\t\t\t<div class=\"e-con-inner\">\n\t\t\t\t<div class=\"elementor-element elementor-element-04bfc6d elementor-widget elementor-widget-heading\" data-id=\"04bfc6d\" data-element_type=\"widget\" data-widget_type=\"heading.default\">\n\t\t\t\t<div class=\"elementor-widget-container\">\n\t\t\t\t\t<h2 class=\"elementor-heading-title elementor-size-default\"><br>Lan\u00e7amentos Coisa de Preto<\/h2>\t\t\t\t<\/div>\n\t\t\t\t<\/div>\n\t\t\t\t<div class=\"elementor-element elementor-element-ff34575 elementor-widget elementor-widget-heading\" data-id=\"ff34575\" data-element_type=\"widget\" data-widget_type=\"heading.default\">\n\t\t\t\t<div class=\"elementor-widget-container\">\n\t\t\t\t\t<h2 class=\"elementor-heading-title elementor-size-default\">Novos cortes, tecidos premium e design aut\u00eantico.<\/h2>\t\t\t\t<\/div>\n\t\t\t\t<\/div>\n\t\t<div data-particle_enable=\"false\" data-particle-mobile-disabled=\"false\" class=\"elementor-element elementor-element-a44aaab e-grid e-con-boxed e-con e-child\" data-id=\"a44aaab\" data-element_type=\"container\">\n\t\t\t\t\t<div class=\"e-con-inner\">\n\t\t\t\t<div class=\"elementor-element elementor-element-9e73b58 elementor-widget elementor-widget-button\" data-id=\"9e73b58\" data-element_type=\"widget\" data-widget_type=\"button.default\">\n\t\t\t\t<div class=\"elementor-widget-container\">\n\t\t\t\t\t\t\t\t\t<div class=\"elementor-button-wrapper\">\n\t\t\t\t\t<a class=\"elementor-button elementor-button-link elementor-size-sm\" href=\"https:\/\/coisadepreto.com.br\/index.php\/product-tag\/lancamentos\/\">\n\t\t\t\t\t\t<span class=\"elementor-button-content-wrapper\">\n\t\t\t\t\t\t\t\t\t<span class=\"elementor-button-text\">Explorar Cole\u00e7\u00e3o<\/span>\n\t\t\t\t\t<\/span>\n\t\t\t\t\t<\/a>\n\t\t\t\t<\/div>\n\t\t\t\t\t\t\t\t<\/div>\n\t\t\t\t<\/div>\n\t\t\t\t<div class=\"elementor-element elementor-element-2e55942 elementor-widget elementor-widget-button\" data-id=\"2e55942\" data-element_type=\"widget\" data-widget_type=\"button.default\">\n\t\t\t\t<div class=\"elementor-widget-container\">\n\t\t\t\t\t\t\t\t\t<div class=\"elementor-button-wrapper\">\n\t\t\t\t\t<a class=\"elementor-button elementor-size-sm\" role=\"button\">\n\t\t\t\t\t\t<span class=\"elementor-button-content-wrapper\">\n\t\t\t\t\t\t\t\t\t<span class=\"elementor-button-text\">Ver detalhes<\/span>\n\t\t\t\t\t<\/span>\n\t\t\t\t\t<\/a>\n\t\t\t\t<\/div>\n\t\t\t\t\t\t\t\t<\/div>\n\t\t\t\t<\/div>\n\t\t\t\t\t<\/div>\n\t\t\t\t<\/div>\n\t\t\t\t\t<\/div>\n\t\t\t\t<\/div>\n\t\t\t\t\t<\/div>\n\t\t\t\t<\/div>\n\t\t\t\t\t<\/div>\n\t\t\t\t<\/div>\n\t\t<div data-particle_enable=\"false\" data-particle-mobile-disabled=\"false\" class=\"elementor-element elementor-element-dec7a9f e-flex e-con-boxed e-con e-parent\" data-id=\"dec7a9f\" data-element_type=\"container\" data-settings=\"{&quot;background_background&quot;:&quot;classic&quot;}\">\n\t\t\t\t\t<div class=\"e-con-inner\">\n\t\t<div data-particle_enable=\"false\" data-particle-mobile-disabled=\"false\" class=\"elementor-element elementor-element-3c8de46 e-flex e-con-boxed e-con e-child\" data-id=\"3c8de46\" data-element_type=\"container\">\n\t\t\t\t\t<div class=\"e-con-inner\">\n\t\t\t\t<div class=\"elementor-element elementor-element-b543145 elementor-widget-divider--view-line elementor-widget elementor-widget-divider\" data-id=\"b543145\" data-element_type=\"widget\" data-widget_type=\"divider.default\">\n\t\t\t\t<div class=\"elementor-widget-container\">\n\t\t\t\t\t\t\t<div class=\"elementor-divider\">\n\t\t\t<span class=\"elementor-divider-separator\">\n\t\t\t\t\t\t<\/span>\n\t\t<\/div>\n\t\t\t\t\t\t<\/div>\n\t\t\t\t<\/div>\n\t\t\t\t\t<\/div>\n\t\t\t\t<\/div>\n\t\t\t\t\t<\/div>\n\t\t\t\t<\/div>\n\t\t<div data-particle_enable=\"false\" data-particle-mobile-disabled=\"false\" class=\"elementor-element elementor-element-2fb2b97 e-flex e-con-boxed e-con e-parent\" data-id=\"2fb2b97\" data-element_type=\"container\" data-settings=\"{&quot;background_background&quot;:&quot;classic&quot;}\">\n\t\t\t\t\t<div class=\"e-con-inner\">\n\t\t\t\t<div class=\"elementor-element elementor-element-c3ea8e9 elementor-widget elementor-widget-heading\" data-id=\"c3ea8e9\" data-element_type=\"widget\" data-widget_type=\"heading.default\">\n\t\t\t\t<div class=\"elementor-widget-container\">\n\t\t\t\t\t<h2 class=\"elementor-heading-title elementor-size-default\">Lan\u00e7amentos Exclusivos<\/h2>\t\t\t\t<\/div>\n\t\t\t\t<\/div>\n\t\t\t\t\t<\/div>\n\t\t\t\t<\/div>\n\t\t<div data-particle_enable=\"false\" data-particle-mobile-disabled=\"false\" class=\"elementor-element elementor-element-20b866d e-flex e-con-boxed e-con e-parent\" data-id=\"20b866d\" data-element_type=\"container\" data-settings=\"{&quot;background_background&quot;:&quot;classic&quot;}\">\n\t\t\t\t\t<div class=\"e-con-inner\">\n\t\t<div data-particle_enable=\"false\" data-particle-mobile-disabled=\"false\" class=\"elementor-element elementor-element-18554ee e-con-full e-flex e-con e-child\" data-id=\"18554ee\" data-element_type=\"container\">\n\t\t<div data-particle_enable=\"false\" data-particle-mobile-disabled=\"false\" class=\"elementor-element elementor-element-ed1c31e e-flex e-con-boxed e-con e-child\" data-id=\"ed1c31e\" data-element_type=\"container\">\n\t\t\t\t\t<div class=\"e-con-inner\">\n\t\t\t\t<div class=\"elementor-element elementor-element-838477b elementor-widget elementor-widget-image\" data-id=\"838477b\" data-element_type=\"widget\" data-widget_type=\"image.default\">\n\t\t\t\t<div class=\"elementor-widget-container\">\n\t\t\t\t\t\t\t\t\t\t\t\t\t\t\t\t<a href=\"https:\/\/coisadepreto.com.br\/index.php\/product-tag\/afro-chic\/\">\n\t\t\t\t\t\t\t<img decoding=\"async\" width=\"800\" height=\"698\" src=\"https:\/\/coisadepreto.com.br\/wp-content\/uploads\/2025\/11\/Gemini_Generated_Image_9ebs4z9ebs4z9ebs-1024x893.png\" class=\"attachment-large size-large wp-image-1761\" alt=\"\" srcset=\"https:\/\/coisadepreto.com.br\/wp-content\/uploads\/2025\/11\/Gemini_Generated_Image_9ebs4z9ebs4z9ebs-1024x893.png 1024w, https:\/\/coisadepreto.com.br\/wp-content\/uploads\/2025\/11\/Gemini_Generated_Image_9ebs4z9ebs4z9ebs-300x261.png 300w, https:\/\/coisadepreto.com.br\/wp-content\/uploads\/2025\/11\/Gemini_Generated_Image_9ebs4z9ebs4z9ebs-768x669.png 768w, https:\/\/coisadepreto.com.br\/wp-content\/uploads\/2025\/11\/Gemini_Generated_Image_9ebs4z9ebs4z9ebs-600x523.png 600w, https:\/\/coisadepreto.com.br\/wp-content\/uploads\/2025\/11\/Gemini_Generated_Image_9ebs4z9ebs4z9ebs.png 1028w\" sizes=\"(max-width: 800px) 100vw, 800px\" \/>\t\t\t\t\t\t\t\t<\/a>\n\t\t\t\t\t\t\t\t\t\t\t\t\t\t\t<\/div>\n\t\t\t\t<\/div>\n\t\t\t\t\t<\/div>\n\t\t\t\t<\/div>\n\t\t\t\t<div class=\"elementor-element elementor-element-cfaa54e elementor-widget elementor-widget-heading\" data-id=\"cfaa54e\" data-element_type=\"widget\" data-widget_type=\"heading.default\">\n\t\t\t\t<div class=\"elementor-widget-container\">\n\t\t\t\t\t<h2 class=\"elementor-heading-title elementor-size-default\"><a href=\"https:\/\/coisadepreto.com.br\/index.php\/product-tag\/afro-chic\/\">\u00a0\u00a0Cole\u00e7\u00e3o Afro Chic<\/a><\/h2>\t\t\t\t<\/div>\n\t\t\t\t<\/div>\n\t\t\t\t<div class=\"elementor-element elementor-element-b460fbf elementor-widget elementor-widget-text-editor\" data-id=\"b460fbf\" data-element_type=\"widget\" data-widget_type=\"text-editor.default\">\n\t\t\t\t<div class=\"elementor-widget-container\">\n\t\t\t\t\t\t\t\t\t<p>Moda preta com identidade e atitude<\/p><p>Pe\u00e7as a partir de <br \/><a class=\"preco-link-destaque\" href=\"https:\/\/coisadepreto.com.br\/index.php\/product-tag\/afro-chic\/\"><span class=\"woocommerce-Price-amount amount\"><bdi><span class=\"woocommerce-Price-currencySymbol\">&#82;&#36;<\/span>119,90<\/bdi><\/span><\/a><\/p>\t\t\t\t\t\t\t\t<\/div>\n\t\t\t\t<\/div>\n\t\t\t\t<\/div>\n\t\t<div data-particle_enable=\"false\" data-particle-mobile-disabled=\"false\" class=\"elementor-element elementor-element-96a86c4 e-con-full e-flex e-con e-child\" data-id=\"96a86c4\" data-element_type=\"container\">\n\t\t<div data-particle_enable=\"false\" data-particle-mobile-disabled=\"false\" class=\"elementor-element elementor-element-8eb30fc e-flex e-con-boxed e-con e-child\" data-id=\"8eb30fc\" data-element_type=\"container\">\n\t\t\t\t\t<div class=\"e-con-inner\">\n\t\t<div data-particle_enable=\"false\" data-particle-mobile-disabled=\"false\" class=\"elementor-element elementor-element-c9e0198 e-flex e-con-boxed e-con e-child\" data-id=\"c9e0198\" data-element_type=\"container\">\n\t\t\t\t\t<div class=\"e-con-inner\">\n\t\t\t\t<div class=\"elementor-element elementor-element-6949d49 elementor-widget elementor-widget-image\" data-id=\"6949d49\" data-element_type=\"widget\" data-widget_type=\"image.default\">\n\t\t\t\t<div class=\"elementor-widget-container\">\n\t\t\t\t\t\t\t\t\t\t\t\t\t\t\t\t<a href=\"https:\/\/coisadepreto.com.br\/index.php\/product\/camiseta-coisa-de-preto-basica-copia\/\">\n\t\t\t\t\t\t\t<img loading=\"lazy\" decoding=\"async\" width=\"928\" height=\"400\" src=\"https:\/\/coisadepreto.com.br\/wp-content\/uploads\/2025\/11\/Gemini_Generated_Image_745zd7745zd7745z-e1762092770644.png\" class=\"attachment-2048x2048 size-2048x2048 wp-image-1769\" alt=\"\" srcset=\"https:\/\/coisadepreto.com.br\/wp-content\/uploads\/2025\/11\/Gemini_Generated_Image_745zd7745zd7745z-e1762092770644.png 928w, https:\/\/coisadepreto.com.br\/wp-content\/uploads\/2025\/11\/Gemini_Generated_Image_745zd7745zd7745z-e1762092770644-300x129.png 300w, https:\/\/coisadepreto.com.br\/wp-content\/uploads\/2025\/11\/Gemini_Generated_Image_745zd7745zd7745z-e1762092770644-768x331.png 768w, https:\/\/coisadepreto.com.br\/wp-content\/uploads\/2025\/11\/Gemini_Generated_Image_745zd7745zd7745z-e1762092770644-600x259.png 600w\" sizes=\"(max-width: 928px) 100vw, 928px\" \/>\t\t\t\t\t\t\t\t<\/a>\n\t\t\t\t\t\t\t\t\t\t\t\t\t\t\t<\/div>\n\t\t\t\t<\/div>\n\t\t\t\t<div class=\"elementor-element elementor-element-29f51db elementor-widget elementor-widget-heading\" data-id=\"29f51db\" data-element_type=\"widget\" data-widget_type=\"heading.default\">\n\t\t\t\t<div class=\"elementor-widget-container\">\n\t\t\t\t\t<h2 class=\"elementor-heading-title elementor-size-default\">Camiseta Coisa de Preto<\/h2>\t\t\t\t<\/div>\n\t\t\t\t<\/div>\n\t\t\t\t<div class=\"elementor-element elementor-element-8b67db1 elementor-widget elementor-widget-text-editor\" data-id=\"8b67db1\" data-element_type=\"widget\" data-widget_type=\"text-editor.default\">\n\t\t\t\t<div class=\"elementor-widget-container\">\n\t\t\t\t\t\t\t\t\t<p>100% algod\u00e3o, corte street e estampa exclusiva.<br \/><a class=\"preco-link-destaque\" href=\"https:\/\/coisadepreto.com.br\/index.php\/product\/camiseta-coisa-de-preto-basica-copia\/\"><del aria-hidden=\"true\"><span class=\"woocommerce-Price-amount amount\"><bdi><span class=\"woocommerce-Price-currencySymbol\">&#82;&#36;<\/span>119,90<\/bdi><\/span><\/del> <span class=\"screen-reader-text\">O pre\u00e7o original era: &#082;&#036;119,90.<\/span><ins aria-hidden=\"true\"><span class=\"woocommerce-Price-amount amount\"><bdi><span class=\"woocommerce-Price-currencySymbol\">&#82;&#36;<\/span>99,90<\/bdi><\/span><\/ins><span class=\"screen-reader-text\">O pre\u00e7o atual \u00e9: &#082;&#036;99,90.<\/span><\/a><\/p>\t\t\t\t\t\t\t\t<\/div>\n\t\t\t\t<\/div>\n\t\t\t\t\t<\/div>\n\t\t\t\t<\/div>\n\t\t<div data-particle_enable=\"false\" data-particle-mobile-disabled=\"false\" class=\"elementor-element elementor-element-8ec4bf2 e-flex e-con-boxed e-con e-child\" data-id=\"8ec4bf2\" data-element_type=\"container\">\n\t\t\t\t\t<div class=\"e-con-inner\">\n\t\t<div data-particle_enable=\"false\" data-particle-mobile-disabled=\"false\" class=\"elementor-element elementor-element-231bfce e-flex e-con-boxed e-con e-child\" data-id=\"231bfce\" data-element_type=\"container\">\n\t\t\t\t\t<div class=\"e-con-inner\">\n\t\t\t\t<div class=\"elementor-element elementor-element-a33f0c1 elementor-widget elementor-widget-image\" data-id=\"a33f0c1\" data-element_type=\"widget\" data-widget_type=\"image.default\">\n\t\t\t\t<div class=\"elementor-widget-container\">\n\t\t\t\t\t\t\t\t\t\t\t\t\t\t\t\t<a href=\"https:\/\/coisadepreto.com.br\/index.php\/product\/bone-coisa-de-preto\/\">\n\t\t\t\t\t\t\t<img loading=\"lazy\" decoding=\"async\" width=\"928\" height=\"400\" src=\"https:\/\/coisadepreto.com.br\/wp-content\/uploads\/2025\/11\/Gemini_Generated_Image_phziblphziblphzi-Photoroom-1-e1762093803179.png\" class=\"attachment-2048x2048 size-2048x2048 wp-image-1782\" alt=\"\" \/>\t\t\t\t\t\t\t\t<\/a>\n\t\t\t\t\t\t\t\t\t\t\t\t\t\t\t<\/div>\n\t\t\t\t<\/div>\n\t\t\t\t<div class=\"elementor-element elementor-element-227bc34 elementor-widget elementor-widget-heading\" data-id=\"227bc34\" data-element_type=\"widget\" data-widget_type=\"heading.default\">\n\t\t\t\t<div class=\"elementor-widget-container\">\n\t\t\t\t\t<h2 class=\"elementor-heading-title elementor-size-default\"><a href=\"https:\/\/coisadepreto.com.br\/index.php\/product\/bone-coisa-de-preto\/\">Bon\u00e9 Resist\u00eancia<\/a><\/h2>\t\t\t\t<\/div>\n\t\t\t\t<\/div>\n\t\t\t\t<div class=\"elementor-element elementor-element-6222fdc elementor-widget elementor-widget-text-editor\" data-id=\"6222fdc\" data-element_type=\"widget\" data-widget_type=\"text-editor.default\">\n\t\t\t\t<div class=\"elementor-widget-container\">\n\t\t\t\t\t\t\t\t\t<p>Estilo urbano, bordado com autenticidade.<br \/><a class=\"preco-link-destaque\" href=\"https:\/\/coisadepreto.com.br\/index.php\/product\/bone-coisa-de-preto\/\"><span class=\"woocommerce-Price-amount amount\"><bdi><span class=\"woocommerce-Price-currencySymbol\">&#82;&#36;<\/span>69,90<\/bdi><\/span><\/a><\/p>\t\t\t\t\t\t\t\t<\/div>\n\t\t\t\t<\/div>\n\t\t\t\t\t<\/div>\n\t\t\t\t<\/div>\n\t\t\t\t\t<\/div>\n\t\t\t\t<\/div>\n\t\t\t\t\t<\/div>\n\t\t\t\t<\/div>\n\t\t\t\t<\/div>\n\t\t\t\t\t<\/div>\n\t\t\t\t<\/div>\n\t\t\t\t<\/div>\n\t\t","protected":false},"excerpt":{"rendered":"<p>Cole\u00e7\u00e3o Essencial Pe\u00e7as exclusivas que unem minimalismo e identidade Comprar Agora Ver detalhes Lan\u00e7amentos Coisa de Preto Novos cortes, tecidos premium e design aut\u00eantico. Explorar Cole\u00e7\u00e3o Ver detalhes Lan\u00e7amentos Exclusivos \u00a0\u00a0Cole\u00e7\u00e3o Afro Chic Moda preta com identidade e atitude Pe\u00e7as a partir de Camiseta Coisa de Preto 100% algod\u00e3o, corte street e estampa exclusiva. Bon\u00e9 [&hellip;]<\/p>\n","protected":false},"author":1,"featured_media":0,"parent":0,"menu_order":0,"comment_status":"closed","ping_status":"closed","template":"elementor_header_footer","meta":{"footnotes":""},"class_list":["post-1452","page","type-page","status-publish","hentry"],"_links":{"self":[{"href":"https:\/\/coisadepreto.com.br\/index.php\/wp-json\/wp\/v2\/pages\/1452","targetHints":{"allow":["GET"]}}],"collection":[{"href":"https:\/\/coisadepreto.com.br\/index.php\/wp-json\/wp\/v2\/pages"}],"about":[{"href":"https:\/\/coisadepreto.com.br\/index.php\/wp-json\/wp\/v2\/types\/page"}],"author":[{"embeddable":true,"href":"https:\/\/coisadepreto.com.br\/index.php\/wp-json\/wp\/v2\/users\/1"}],"replies":[{"embeddable":true,"href":"https:\/\/coisadepreto.com.br\/index.php\/wp-json\/wp\/v2\/comments?post=1452"}],"version-history":[{"count":106,"href":"https:\/\/coisadepreto.com.br\/index.php\/wp-json\/wp\/v2\/pages\/1452\/revisions"}],"predecessor-version":[{"id":2021,"href":"https:\/\/coisadepreto.com.br\/index.php\/wp-json\/wp\/v2\/pages\/1452\/revisions\/2021"}],"wp:attachment":[{"href":"https:\/\/coisadepreto.com.br\/index.php\/wp-json\/wp\/v2\/media?parent=1452"}],"curies":[{"name":"wp","href":"https:\/\/api.w.org\/{rel}","templated":true}]}}